{"id":762,"date":"2021-11-10T12:19:44","date_gmt":"2021-11-10T09:19:44","guid":{"rendered":"https:\/\/www.gumuspalacehotel.com\/?page_id=762"},"modified":"2022-01-13T13:33:48","modified_gmt":"2022-01-13T10:33:48","slug":"gumus-palace-gaziosmanpasa-suit","status":"publish","type":"page","link":"https:\/\/www.gumuspalacehotel.com\/?page_id=762","title":{"rendered":"Gumus Palace Gaziosmanpa\u015fa Suites"},"content":{"rendered":"[vc_row][vc_column width=&#8221;2\/3&#8243; css=&#8221;.vc_custom_1533977574639{margin-bottom: 0px !important;border-bottom-width: 0px !important;padding-bottom: 0px !important;}&#8221;][rev_slider_vc alias=&#8221;gopa2&#8243;]\n        <h2 class=\"lined-heading mt50\">\n            <span>\n            Hizmetlerimiz\n            <\/span>\n        <\/h2>\n        [vc_column_text]\n<h4 class=\"h3\">\u0130stanbul Gaziosmanpa\u015fa&#8217;da \u00c7a\u011fda\u015f ve Konforlu bir Gumus Palace Deneyimi<\/h4>\n<p class=\"lead text-secondary\">\u0130stanbul Gaziosmanpa\u015fa&#8217;da bulunan Gumus Palace Gaziosmanpa\u015fa Merkez Otel Golden Horn, Sultanahmet, Beyo\u011flu ve Pierre Loti gibi \u00f6nemli turistik noktalara ve Hali\u00e7 Kongre Merkezi&#8217;ne k\u0131sa bir mesafede misafirlerini a\u011f\u0131rlamaktad\u0131r.<\/p>\n<ul class=\"list-styled\">\n<li>\u00c7al\u0131\u015fma masas\u0131, HD TV, minibar, emanet kasas\u0131, \u00e7ay kahve yapma imkan\u0131 sunan geni\u015f ve modern dekorasyona sahip misafir odalar\u0131<\/li>\n<li>T\u00fcm g\u00fcn kullan\u0131m\u0131za sunulmu\u015f olan tam donan\u0131ma sahip spor salonu<\/li>\n<li>24 saat a\u00e7\u0131k olan ve i\u015f seyahatlerinizde her ihtiyac\u0131n\u0131za cevap verebilecek kapasiteye sahip i\u015f merkezi<\/li>\n<li>G\u00fcn\u00fcn en \u00f6nemli \u00f6\u011f\u00fcn\u00fc kahvalt\u0131 dahil olmak \u00fczere, \u00f6\u011fle ve ak\u015fam yeme\u011fi sunmakta olan Gumus Palace Restauran<\/li>\n<li>150 metrekareyi bulan kullan\u0131\u015fl\u0131 toplant\u0131 ve balo salonlar\u0131<\/li>\n<li>G\u00fcn\u00fcn en \u00f6nemli \u00f6\u011f\u00fcn\u00fc kahvalt\u0131 dahil olmak \u00fczere, \u00f6\u011fle ve ak\u015fam yeme\u011fi sunmakta olan Gumus Palace Restauran<\/li>\n<\/ul>\n[\/vc_column_text][vc_gmaps link=&#8221;#E-8_JTNDaWZyYW1lJTIwc3JjJTNEJTIyaHR0cHMlM0ElMkYlMkZ3d3cuZ29vZ2xlLmNvbSUyRm1hcHMlMkZlbWJlZCUzRnBiJTNEJTIxMW0xNCUyMTFtOCUyMTFtMyUyMTFkMTIwMzQuMTkwMDc5NTM5NTk4JTIxMmQyOC45MTMwODE1JTIxM2Q0MS4wNTcwMjMxJTIxM20yJTIxMWkxMDI0JTIxMmk3NjglMjE0ZjEzLjElMjEzbTMlMjExbTIlMjExczB4MCUyNTNBMHhmYzM4ODU1ODc3YTI2YTg4JTIxMnNZZW5pJTJCT3RlbCUyMTVlMCUyMTNtMiUyMTFzdHIlMjEyc3RyJTIxNHYxNTM1NzIyNzc0NTg1JTIyJTIwd2lkdGglM0QlMjI2MDAlMjIlMjBoZWlnaHQlM0QlMjI0NTAlMjIlMjBmcmFtZWJvcmRlciUzRCUyMjAlMjIlMjBzdHlsZSUzRCUyMmJvcmRlciUzQTAlMjIlMjBhbGxvd2Z1bGxzY3JlZW4lM0UlM0MlMkZpZnJhbWUlM0U=&#8221;][\/vc_column][vc_column width=&#8221;1\/3&#8243;]        <!-- Reservation form -->\n        <div class=\"mt50\">\n            <div id=\"reservation-form\" class=\"mt50 clearfix\">\n                <div class=\"row col-sm-12\">\n                  <form class=\"form-inline reservation-horizontal clearfix\" role=\"form\" method=\"post\"\n                                                                            action=\"https:\/\/www.gumuspalacehotel.com\/wp-content\/themes\/starhotel\/inc\/wpmail\/reservation.php\"\n                   name=\"reservationform\" id=\"reservationform\">\n\n                        <h2 class=\"lined-heading\"><span>Reservation<\/span><\/h2>\n\n                        <!-- Error message -->\n                        <div id=\"message\"><\/div>\n                        <div class=\"form-group\">\n                            <label for=\"email\" accesskey=\"E\">E-mail<\/label>\n                                                            <div class=\"popover-icon\" data-container=\"body\" data-toggle=\"popover\"\n                                     data-trigger=\"hover\" data-placement=\"right\"\n                                     data-content=\"Please fill in your email\"><i\n                                        class=\"fa fa-info-circle fa-lg\"> <\/i><\/div>\n                                                        <input name=\"email\" type=\"text\" id=\"email\" value=\"\" class=\"form-control\"\n                                   placeholder=\"Please enter your E-mail\"\/>\n                        <\/div>\n                                                    <div class=\"form-group\">\n                            <label for=\"room\">Room Type<\/label>\n                                                            <div class=\"popover-icon\" data-container=\"body\" data-toggle=\"popover\"\n                                     data-trigger=\"hover\" data-placement=\"right\"\n                                     data-content=\"Please select a room\"><i\n                                        class=\"fa fa-info-circle fa-lg\"> <\/i><\/div>\n                                                                <select class=\"form-control\" name=\"room\" id=\"room\">\n                                        <option selected=\"selected\" disabled=\"disabled\">Select a room<\/option>\n                                                                                                                                        <option value=\"G\u00fcng\u00f6ren &#8211; Triple Room\">G\u00fcng\u00f6ren &#8211; Triple Room<\/option>\n                                                                                                            <option value=\"G\u00fcng\u00f6ren &#8211; Standart Room\">G\u00fcng\u00f6ren &#8211; Standart Room<\/option>\n                                                                                                            <option value=\"G\u00fcng\u00f6ren &#8211; Single Room\">G\u00fcng\u00f6ren &#8211; Single Room<\/option>\n                                                                                                            <option value=\"Gaziosmanpa\u015fa &#8211; Standart Room\">Gaziosmanpa\u015fa &#8211; Standart Room<\/option>\n                                                                                                            <option value=\"Gaziosmanpa\u015fa &#8211; Suite Room\">Gaziosmanpa\u015fa &#8211; Suite Room<\/option>\n                                                                                                            <option value=\"Gaziosmanpa\u015fa &#8211; King Suite\">Gaziosmanpa\u015fa &#8211; King Suite<\/option>\n                                                                                                            <option value=\"Gaziosmanpa\u015fa Merkez &#8211; Triple\">Gaziosmanpa\u015fa Merkez &#8211; Triple<\/option>\n                                                                                                            <option value=\"Gaziosmanpa\u015fa M &#8211; Standart\">Gaziosmanpa\u015fa M &#8211; Standart<\/option>\n                                                                                                            <option value=\"Gaziosmanpa\u015fa Merkez &#8211; Suite\">Gaziosmanpa\u015fa Merkez &#8211; Suite<\/option>\n                                                                                                                                <\/select>\n                        <\/div>\n                      <div class=\"form-group\">\n                            <label for=\"checkin\">Check-in<\/label>\n                                                            <div class=\"popover-icon\" data-container=\"body\" data-toggle=\"popover\"\n                                     data-trigger=\"hover\" data-placement=\"right\"\n                                     data-content=\"Check-In is from 11:00\"><i\n                                        class=\"fa fa-info-circle fa-lg\"> <\/i><\/div>\n                                                            <i class=\"fa fa-calendar infield\"><\/i>\n                            <input name=\"checkin\" type=\"text\" id=\"checkin\" value=\"\" class=\"form-control\"\n                                   placeholder=\"Check-in\"\/>\n                        <\/div>\n                        <div class=\"form-group\">\n                            <label for=\"checkout\">Check-out<\/label>\n                                                            <div class=\"popover-icon\" data-container=\"body\" data-toggle=\"popover\"\n                                     data-trigger=\"hover\" data-placement=\"right\"\n                                     data-content=\"Check-out is from 12:00\"><i\n                                        class=\"fa fa-info-circle fa-lg\"> <\/i><\/div>\n                                                            <i class=\"fa fa-calendar infield\"><\/i>\n                            <input name=\"checkout\" type=\"text\" id=\"checkout\" value=\"\" class=\"form-control\"\n                                   placeholder=\"Check-out\"\/>\n                        <\/div>\n                        <div class=\"form-group\">\n                            <div class=\"guests-select\">\n                                <label>Guests<\/label>\n                                <i class=\"fa fa-user infield\"><\/i>\n                                <div class=\"total form-control\" id=\"test\">1<\/div>\n                                <div class=\"guests\">\n                                    <div class=\"form-group adults\">\n                                        <label for=\"adults\">Adults<\/label>\n                                                                                    <div class=\"popover-icon\" data-container=\"body\" data-toggle=\"popover\"\n                                                 data-trigger=\"hover\" data-placement=\"right\"\n                                                 data-content=\"+18 years\"><i\n                                                    class=\"fa fa-info-circle fa-lg\"> <\/i><\/div>\n                                                                                <select name=\"adults\" id=\"adults\" class=\"form-control\">\n                                            <option value='1'>1 Adult(s)<\/option><option value='2'>2 Adult(s)<\/option><option value='3'>3 Adult(s)<\/option>                                        <\/select>\n                                    <\/div>\n                                    <div class=\"form-group children\">\n                                        <label for=\"children\">Children<\/label>\n                                                                                    <div class=\"popover-icon\" data-container=\"body\" data-toggle=\"popover\"\n                                                 data-trigger=\"hover\" data-placement=\"right\"\n                                                 data-content=\"0 till 18 years\"><i\n                                                    class=\"fa fa-info-circle fa-lg\"> <\/i><\/div>\n                                                                                    <select\n                                            name=\"children\" id=\"children\" class=\"form-control\">\n                                            <option value='0'>0 Child(ren)<\/option><option value='1'>1 Child(ren)<\/option><option value='2'>2 Child(ren)<\/option><option value='3'>3 Child(ren)<\/option>                                        <\/select>\n                                    <\/div>\n                                    <button type=\"button\" class=\"btn btn-ghost-color button-save btn-block\">Save<\/button>\n                                <\/div>\n                            <\/div>\n                        <\/div>\n                        <button type=\"submit\" class=\"btn btn-primary btn-block\">Book Now<\/button>\n                <\/div>\n                <\/form>\n        <\/div>\n        <\/div>\n    [vc_single_image image=&#8221;201&#8243; img_size=&#8221;332&#215;504&#8243;][vc_column_text]\n<div class=\"detail-direction-box__title\">\n<h4 style=\"text-align: center;\">HAVAALANINDAN ULA\u015eIM<\/h4>\n<\/div>\n<div class=\"detail-direction-box__content\">\n<p style=\"text-align: center;\">Atat\u00fcrk Havaliman\u0131:&nbsp;<b>15 KM<\/b><\/p>\n<p style=\"text-align: center;\">Sabiha G\u00f6k\u00e7en Havaliman\u0131:&nbsp;<b>45 KM<\/b><\/p>\n<p style=\"text-align: center;\">Havaliman\u0131 S\u00fcr\u00fc\u015f Mesafesi<b><\/b><\/p>\n<p style=\"text-align: center;\">Atat\u00fcrk Havaliman\u0131:&nbsp;<b>20 DK<\/b><\/p>\n<p style=\"text-align: center;\">Sabiha G\u00f6k\u00e7en Havaliman\u0131:&nbsp;<b>60 DK<\/b><\/p>\n<p style=\"text-align: center;\">Otob\u00fcs:&nbsp;<b>&#8211;<\/b><\/p>\n<p style=\"text-align: center;\">Havata\u015f (Taksim &#8211; Atat\u00fcrk Havaliman\u0131):&nbsp;<b>25 TL<\/b><\/p>\n<p style=\"text-align: center;\">Taksi \u00dccreti: &#8211;<b><\/b><\/p>\n<p style=\"text-align: center;\">Atat\u00fcrk Havaliman\u0131:&nbsp;<b>50 TL<\/b><\/p>\n<p style=\"text-align: center;\">Sabiha G\u00f6k\u00e7en Havaliman\u0131:&nbsp;<b>110 TL<\/b><\/p>\n<p style=\"text-align: center;\">Limuzin Servisi:&nbsp;<b>&#8211;<\/b><\/p>\n<\/div>\n[\/vc_column_text][\/vc_column][\/vc_row]\n\n\n\n[vc_row full_width=&#8221;stretch_row&#8221; equal_height=&#8221;yes&#8221; css=&#8221;.vc_custom_1533982400716{margin-top: 0px !important;margin-bottom: 0px !important;border-top-width: 0px !important;border-bottom-width: 0px !important;padding-top: 0px !important;padding-bottom: 0px !important;border-top-style: dashed !important;border-bottom-style: dashed !important;border-radius: 5px !important;}&#8221;][vc_column][\/vc_column][\/vc_row]\n","protected":false},"excerpt":{"rendered":"<p>[vc_row full_width=&#8221;stretch_row&#8221; equal_height=&#8221;yes&#8221; css=&#8221;.vc_custom_1533982400716{margin-top: 0px !important;margin-bottom: 0px !important;border-top-width: 0px !important;border-bottom-width: 0px !important;padding-top: 0px !important;padding-bottom: 0px !important;border-top-style: dashed !important;border-bottom-style: dashed !important;border-radius: 5px !important;}&#8221;][vc_column][\/vc_column][\/vc_row]<\/p>\n","protected":false},"author":1,"featured_media":0,"parent":0,"menu_order":0,"comment_status":"closed","ping_status":"closed","template":"","meta":{"footnotes":""},"class_list":["post-762","page","type-page","status-publish","hentry"],"_links":{"self":[{"href":"https:\/\/www.gumuspalacehotel.com\/index.php?rest_route=\/wp\/v2\/pages\/762","targetHints":{"allow":["GET"]}}],"collection":[{"href":"https:\/\/www.gumuspalacehotel.com\/index.php?rest_route=\/wp\/v2\/pages"}],"about":[{"href":"https:\/\/www.gumuspalacehotel.com\/index.php?rest_route=\/wp\/v2\/types\/page"}],"author":[{"embeddable":true,"href":"https:\/\/www.gumuspalacehotel.com\/index.php?rest_route=\/wp\/v2\/users\/1"}],"replies":[{"embeddable":true,"href":"https:\/\/www.gumuspalacehotel.com\/index.php?rest_route=%2Fwp%2Fv2%2Fcomments&post=762"}],"version-history":[{"count":3,"href":"https:\/\/www.gumuspalacehotel.com\/index.php?rest_route=\/wp\/v2\/pages\/762\/revisions"}],"predecessor-version":[{"id":783,"href":"https:\/\/www.gumuspalacehotel.com\/index.php?rest_route=\/wp\/v2\/pages\/762\/revisions\/783"}],"wp:attachment":[{"href":"https:\/\/www.gumuspalacehotel.com\/index.php?rest_route=%2Fwp%2Fv2%2Fmedia&parent=762"}],"curies":[{"name":"wp","href":"https:\/\/api.w.org\/{rel}","templated":true}]}}